{"id":218,"date":"2021-04-01T23:12:52","date_gmt":"2021-04-02T05:12:52","guid":{"rendered":"https:\/\/tierrabendita.icecrownconsulting.com\/?page_id=218"},"modified":"2021-04-01T23:12:55","modified_gmt":"2021-04-02T05:12:55","slug":"shipping-policy","status":"publish","type":"page","link":"https:\/\/www.tierrabendita.net\/en\/shipping-policy\/","title":{"rendered":"Shipping Policy"},"content":{"rendered":"\n<p>En Tierra Bendita creemos que como cliente debes estar siempre satisfecho con el producto que has comprado.<\/p>\n\n\n\n<p>Recuerda que los productos comprados en nuestra tienda en espa\u00f1ol solo podran ser enviados a direcciones en territorio salvadore\u00f1o, mientras que los adquiridos en nuestro canal internacional en ingl\u00e9s solo podr\u00e1n ser enviados a destinos en los Estados Unidos.<\/p>\n\n\n\n<p>Por lo general, los pedidos son entregados a la fecha de env\u00edo un d\u00eda h\u00e1bil despu\u00e9s de confirmado tu pago. Una vez entregado al operador log\u00edstico, recibir\u00e1s el pedido en un plazo de 7 d\u00edas h\u00e1biles.<\/p>\n\n\n\n<p>Es importante tener en cuenta que:<\/p>\n\n\n\n<p>&#8211; Si el pago de tu compra es confirmado de lunes a viernes, el primer d\u00eda h\u00e1bil es el d\u00eda en que recibes la confirmaci\u00f3n del pago y desde ese d\u00eda tienes el tiempo de entrega.<\/p>\n\n\n\n<p>&#8211; Si el pago de tu compra es confirmada el s\u00e1bado, domingo o d\u00eda festivo, el tiempo de entrega es disponible a partir del siguiente d\u00eda h\u00e1bil de la confirmaci\u00f3n de tu pago.<\/p>\n\n\n\n<p>&#8211; Igualmente debes tener presente que solo los pedidos que ocurren antes de las 4:00 pm cuentan como del mismo d\u00eda; todo pedido que ocurra despu\u00e9s de las 4:00 p.m. se contar\u00e1 a su tiempo de entrega oficial desde el d\u00eda siguiente.<\/p>\n\n\n\n<p>Una vez que tu pedido ha sido enviado, recibir\u00e1s un correo electr\u00f3nico inform\u00e1ndote que ya ha sido entregado a la transportadora.<\/p>\n\n\n\n<h2 class=\"wp-block-heading\">Envios en El Salvador<\/h2>\n\n\n\n<p>Proveemos envios nacionales mediante:<\/p>\n\n\n\n<p>Correos de El Salvador &#8211; todo el territorio nacional: Este metodo de envio tarda un promedio de 3 a 5 d\u00edas en que llegue a su destino, y tiene un costo de $XX<\/p>\n\n\n\n<p>UPS (o alg\u00fan agente elegido por el cliente) &#8211; todo el territorio nacional: Este metodo de envio tarda un promedio de 1 a 2 d\u00edas, y tiene un costo de $XX<\/p>\n\n\n\n<h2 class=\"wp-block-heading\">Env\u00edos en Estados Unidos:<\/h2>\n\n\n\n<p>USPS &#8211; todo el territorio nacional: Este metodo de envio tarda un promedio de 3 a 5 d\u00edas en que llegue a su destino, y tiene un costo de $XX<\/p>\n\n\n\n<p>UPS (o alg\u00fan agente elegido por el cliente) &#8211; todo el territorio nacional: Este metodo de envio tarda un promedio de 1 a 2 d\u00edas, y tiene un costo de $XX<\/p>\n","protected":false},"excerpt":{"rendered":"<p>En Tierra Bendita creemos que como cliente debes estar siempre satisfecho con el producto que has comprado. Recuerda que los productos comprados en nuestra tienda en espa\u00f1ol solo podran ser enviados a direcciones en territorio salvadore\u00f1o, mientras que los adquiridos en nuestro canal internacional en ingl\u00e9s solo podr\u00e1n ser enviados a destinos en los Estados [&hellip;]<\/p>\n","protected":false},"author":1,"featured_media":0,"parent":0,"menu_order":0,"comment_status":"closed","ping_status":"closed","template":"","meta":{"footnotes":""},"class_list":["post-218","page","type-page","status-publish","hentry"],"_links":{"self":[{"href":"https:\/\/www.tierrabendita.net\/en\/wp-json\/wp\/v2\/pages\/218","targetHints":{"allow":["GET"]}}],"collection":[{"href":"https:\/\/www.tierrabendita.net\/en\/wp-json\/wp\/v2\/pages"}],"about":[{"href":"https:\/\/www.tierrabendita.net\/en\/wp-json\/wp\/v2\/types\/page"}],"author":[{"embeddable":true,"href":"https:\/\/www.tierrabendita.net\/en\/wp-json\/wp\/v2\/users\/1"}],"replies":[{"embeddable":true,"href":"https:\/\/www.tierrabendita.net\/en\/wp-json\/wp\/v2\/comments?post=218"}],"version-history":[{"count":1,"href":"https:\/\/www.tierrabendita.net\/en\/wp-json\/wp\/v2\/pages\/218\/revisions"}],"predecessor-version":[{"id":219,"href":"https:\/\/www.tierrabendita.net\/en\/wp-json\/wp\/v2\/pages\/218\/revisions\/219"}],"wp:attachment":[{"href":"https:\/\/www.tierrabendita.net\/en\/wp-json\/wp\/v2\/media?parent=218"}],"curies":[{"name":"wp","href":"https:\/\/api.w.org\/{rel}","templated":true}]}}